{"id":1534,"date":"2025-10-29T14:52:25","date_gmt":"2025-10-29T13:52:25","guid":{"rendered":"https:\/\/olliesport.click.si\/trgovina\/uncategorized\/lange-sm-cevlji-rs-120-sc-legend-blue\/"},"modified":"2026-04-16T14:59:36","modified_gmt":"2026-04-16T12:59:36","slug":"lange-rs-120-sc","status":"publish","type":"product","link":"https:\/\/olliesport.com\/en\/trgovina\/smucanje\/pancarji\/otroski\/lange-rs-120-sc\/","title":{"rendered":"LANGE RS 120 SC"},"content":{"rendered":"<h3 data-start=\"57\" data-end=\"80\">Mo\u010d in natan\u010dnost<\/h3>\n<p data-start=\"81\" data-end=\"625\">Novi model <strong data-start=\"92\" data-end=\"113\">RS 120 Short Cuff<\/strong>, zasnovan za mlade tekmovalce in \u017eenske, je rezultat na\u0161ega poglobljenega razumevanja mehanike stopala, prileganja in vedenja smu\u010darskih \u010devljev. Na\u0161a na tekmah razvita konstrukcija <strong data-start=\"296\" data-end=\"309\">Dual Core<\/strong> zagotavlja izjemno energijo in nadzor upogiba za popoln nadzor skozi zavoj. Nova anatomska oblika \u0161koljke se popolnoma ujema z na\u0161im novim termooblikovalnim notranjim \u010devljem <strong data-start=\"485\" data-end=\"502\">Dual 3D liner<\/strong>, kar prina\u0161a neprekosljivo udobje, natan\u010dnost in prenos mo\u010di.<br data-start=\"564\" data-end=\"567\" \/><strong data-start=\"567\" data-end=\"625\">Zdru\u017ei se s svojimi \u010devlji, zdru\u017ei se s svojim ciljem.<\/strong><\/p>\n<hr data-start=\"627\" data-end=\"630\" \/>\n<h3 data-start=\"632\" data-end=\"647\">DUAL CORE<\/h3>\n<p data-start=\"648\" data-end=\"1024\">Ko se nagne\u0161 naprej in obremeni\u0161 \u010devlje, sistem <strong data-start=\"696\" data-end=\"709\">DUAL CORE<\/strong> aktivno stisne in raz\u0161iri \u0161koljko \u2013 s tem sprosti shranjeno energijo za eksplozivno mo\u010d, odzivnost in povratni u\u010dinek. Predstavljaj si natan\u010dnost in odzivnost na ravni svetovnega pokala, enostavno obuvanje in sezuvanje ter novo raven zmogljivosti smu\u010darskih \u010devljev, ki so tako odzivni in dinami\u010dni kot tvoje telo.<\/p>\n<hr data-start=\"1026\" data-end=\"1029\" \/>\n<h3 data-start=\"1031\" data-end=\"1055\">DUAL 3D LINER FULL<\/h3>\n<p data-start=\"1056\" data-end=\"1393\">Foam inner shoes <strong data-start=\"1072\" data-end=\"1089\">DUAL 3D LINER<\/strong> so vnaprej oblikovani tako, da se popolnoma prilegajo notranjosti \u0161koljke in zagotavljajo najbolj natan\u010den prenos mo\u010di ter anatomsko prileganje za vrhunsko udobje. Razli\u010dica <strong data-start=\"1264\" data-end=\"1280\">DUAL 3D FULL<\/strong> je 100-odstotno prilagodljiva in vsebuje tri visoko goste pene na klju\u010dnih mestih za maksimalno udobje in oporo.<\/p>\n<hr data-start=\"1395\" data-end=\"1398\" \/>\n<h3 data-start=\"1400\" data-end=\"1425\">97 mm PRECISION FIT<\/h3>\n<p data-start=\"1426\" data-end=\"1620\"><strong data-start=\"1426\" data-end=\"1449\">Lange Precision Fit<\/strong> zagotavlja natan\u010dno, tekmovalno navdihnjeno \u0161irino 97 mm, zasnovano za smu\u010darje z o\u017ejimi stopali ali tiste, ki i\u0161\u010dejo ve\u010dji oprijem in nadzor brez kompromisov pri udobju.<\/p>\n<hr data-start=\"1622\" data-end=\"1625\" \/>\n<h3 data-start=\"1627\" data-end=\"1643\">SHORT CUFF<\/h3>\n<p data-start=\"1644\" data-end=\"1854\">Zasnovan za mlade smu\u010darje in \u017eenske, <strong data-start=\"1682\" data-end=\"1707\">Lange Short Cuff (SC)<\/strong> uporablja kraj\u0161i zgornji del \u010devlja (15 mm zadaj \/ 20 mm spredaj), kar omogo\u010da bolj naravno dr\u017eo ter izbolj\u0161ano ravnote\u017eje, udobje in zmogljivost.<\/p>","protected":false},"excerpt":{"rendered":"<h6 data-start=\"632\" data-end=\"647\">DUAL CORE<\/h6>\n<h6 data-start=\"1031\" data-end=\"1055\">DUAL 3D LINER FULL<\/h6>\n<h6 data-start=\"1400\" data-end=\"1425\">97 mm PRECISION FIT<\/h6>\n<h6 data-start=\"1627\" data-end=\"1643\">SHORT CUFF<\/h6>\n<h6>Flex 120<\/h6>\n<p>&nbsp;<\/p>","protected":false},"featured_media":2806,"comment_status":"closed","ping_status":"closed","template":"","meta":{"_acf_changed":false,"inline_featured_image":false,"_monsterinsights_skip_tracking":false,"_monsterinsights_sitenote_active":false,"_monsterinsights_sitenote_note":"","_monsterinsights_sitenote_category":0},"product_brand":[30],"product_cat":[116,92,21],"product_tag":[],"class_list":{"0":"post-1534","1":"product","2":"type-product","3":"status-publish","4":"has-post-thumbnail","6":"product_brand-lange","7":"product_cat-otroski","8":"product_cat-pancarji","9":"product_cat-smucanje","11":"first","12":"instock","13":"sale","14":"taxable","15":"shipping-taxable","16":"purchasable","17":"product-type-variable"},"acf":[],"aioseo_notices":[],"_links":{"self":[{"href":"https:\/\/olliesport.com\/en\/wp-json\/wp\/v2\/product\/1534","targetHints":{"allow":["GET"]}}],"collection":[{"href":"https:\/\/olliesport.com\/en\/wp-json\/wp\/v2\/product"}],"about":[{"href":"https:\/\/olliesport.com\/en\/wp-json\/wp\/v2\/types\/product"}],"replies":[{"embeddable":true,"href":"https:\/\/olliesport.com\/en\/wp-json\/wp\/v2\/comments?post=1534"}],"wp:featuredmedia":[{"embeddable":true,"href":"https:\/\/olliesport.com\/en\/wp-json\/wp\/v2\/media\/2806"}],"wp:attachment":[{"href":"https:\/\/olliesport.com\/en\/wp-json\/wp\/v2\/media?parent=1534"}],"wp:term":[{"taxonomy":"product_brand","embeddable":true,"href":"https:\/\/olliesport.com\/en\/wp-json\/wp\/v2\/product_brand?post=1534"},{"taxonomy":"product_cat","embeddable":true,"href":"https:\/\/olliesport.com\/en\/wp-json\/wp\/v2\/product_cat?post=1534"},{"taxonomy":"product_tag","embeddable":true,"href":"https:\/\/olliesport.com\/en\/wp-json\/wp\/v2\/product_tag?post=1534"}],"curies":[{"name":"wp","href":"https:\/\/api.w.org\/{rel}","templated":true}]}}