{"id":1383,"date":"2025-10-29T14:52:03","date_gmt":"2025-10-29T13:52:03","guid":{"rendered":"https:\/\/olliesport.click.si\/trgovina\/uncategorized\/hyperlite-2024-union-dom-ltd-143-board\/"},"modified":"2026-04-16T22:58:41","modified_gmt":"2026-04-16T20:58:41","slug":"hyperlite-2024-union-dom-ltd-143-board","status":"publish","type":"product","link":"https:\/\/olliesport.com\/en\/trgovina\/wake\/wakeboards\/hyperlite-2024-union-dom-ltd-143-board\/","title":{"rendered":"HYPERLITE 2024 UNION DOM ltd"},"content":{"rendered":"<p>Omejena izdaja Hyperlite\u2019s Union by Dom Guehrs zagotavlja eleganten \u010dist videz oblike, ki je priljubljena po vsem svetu v najbolj\u0161ih wake parkih. Dom je vozil Union shape zadnjih 5 let in je bil predstavljen v njegovih svetovnih dogodiv\u0161\u010dinah v wakeu, upajmo, da ste ujeli te osupljive nastavitve. Ta Union Ltd., izdelan iz Hyperliteovega popolnoma obdelanega Woodlite jedra, sintrane podlage in stranskih sten iz uretana, je enostavne za vo\u017enjo in trpe\u017ene oblike. Power Press Rocker omogo\u010da voznikom, da enostavno zaklenejo dolo\u010dene pritiske, konkavna konica in rep pa sta priro\u010dna pri funkcijah cevi. Aaron Stumpf je zasnoval to desko za ure neskon\u010dne zabave v va\u0161em doma\u010dem wake parku.<\/p>","protected":false},"excerpt":{"rendered":"<p>Omejena izdaja Hyperlite\u2019s Union by Dom Guehrs zagotavlja eleganten \u010dist videz oblike, ki je priljubljena po vsem svetu v najbolj\u0161ih wake parkih.<\/p>","protected":false},"featured_media":3758,"comment_status":"closed","ping_status":"closed","template":"","meta":{"_acf_changed":false,"inline_featured_image":false,"_monsterinsights_skip_tracking":false,"_monsterinsights_sitenote_active":false,"_monsterinsights_sitenote_note":"","_monsterinsights_sitenote_category":0},"product_brand":[29],"product_cat":[18,52],"product_tag":[],"class_list":{"0":"post-1383","1":"product","2":"type-product","3":"status-publish","4":"has-post-thumbnail","6":"product_brand-hyperlite","7":"product_cat-wake","8":"product_cat-wakeboards","10":"first","11":"instock","12":"sale","13":"taxable","14":"shipping-taxable","15":"purchasable","16":"product-type-variable"},"acf":[],"aioseo_notices":[],"_links":{"self":[{"href":"https:\/\/olliesport.com\/en\/wp-json\/wp\/v2\/product\/1383","targetHints":{"allow":["GET"]}}],"collection":[{"href":"https:\/\/olliesport.com\/en\/wp-json\/wp\/v2\/product"}],"about":[{"href":"https:\/\/olliesport.com\/en\/wp-json\/wp\/v2\/types\/product"}],"replies":[{"embeddable":true,"href":"https:\/\/olliesport.com\/en\/wp-json\/wp\/v2\/comments?post=1383"}],"wp:featuredmedia":[{"embeddable":true,"href":"https:\/\/olliesport.com\/en\/wp-json\/wp\/v2\/media\/3758"}],"wp:attachment":[{"href":"https:\/\/olliesport.com\/en\/wp-json\/wp\/v2\/media?parent=1383"}],"wp:term":[{"taxonomy":"product_brand","embeddable":true,"href":"https:\/\/olliesport.com\/en\/wp-json\/wp\/v2\/product_brand?post=1383"},{"taxonomy":"product_cat","embeddable":true,"href":"https:\/\/olliesport.com\/en\/wp-json\/wp\/v2\/product_cat?post=1383"},{"taxonomy":"product_tag","embeddable":true,"href":"https:\/\/olliesport.com\/en\/wp-json\/wp\/v2\/product_tag?post=1383"}],"curies":[{"name":"wp","href":"https:\/\/api.w.org\/{rel}","templated":true}]}}