{"id":1369,"date":"2025-10-29T14:52:01","date_gmt":"2025-10-29T13:52:01","guid":{"rendered":"https:\/\/olliesport.click.si\/trgovina\/uncategorized\/hyperlite-2024-guara-147-board\/"},"modified":"2026-04-16T22:58:41","modified_gmt":"2026-04-16T20:58:41","slug":"hyperlite-2024-guara-147-board","status":"publish","type":"product","link":"https:\/\/olliesport.com\/en\/trgovina\/wake\/wakeboards\/hyperlite-2024-guara-147-board\/","title":{"rendered":"HYPERLITE GUARA 2024"},"content":{"rendered":"<p>Pedro Caldas razsvetljuje wake parke po vsem svetu in tekmuje na najvi\u0161jih ravneh \u0161porta. Pedrov prvi profesionalni model wakeboarda, ki prihaja iz Brazilije, se imenuje Hyperlite Guara 2024! \u0160e ena novost je Hyperliteov novi Bio Resin System, predstavljen izklju\u010dno na Hyperlite Guara, ki izpolnjuje Pedrove \u017eelje po bolj trajnostnem procesu gradnje. Zdru\u017eite na\u0161o novo bio-smolo s Hyperlite Woodlite Core, trajnostnimi drevesi pavlovnije, in imeli boste najbolj okolju prijazno kabelsko plo\u0161\u010do na trgu danes. Kar zadeva vo\u017enjo, je 2024 Hyperlite Guara hitra na robovih in med pristajanjem z nekoliko tr\u0161im upogibnim vzorcem, idealnim za obvladovanje zra\u010dnih trikov. Oja\u010dana plo\u0161\u010da ohranja trden ob\u010dutek, hkrati pa omogo\u010da, da se konica in rep la\u017eje upogneta ob pritisku na vodila. Wakeboard 2024 Hyperlite Guara Cable Park, obdan z na\u0161o stransko stranjo iz uretana na vrhu sintrane podlage, je trpe\u017een in izdelan tako, da prenese ve\u010d letnih raztrganin.<\/p>\n<p><strong>#2024 Hyperlite Guara Cable Park Wakeboard Flex Factor<\/strong><br \/>\nNa lestvici od 1 do 5 na\u0161 Flex Factor 1 ozna\u010duje standardno upogljivost, medtem ko se rahlo zmeh\u010da s Flex Factors 2 do 5. Flex Factors 4 in 5 ozna\u010dujeta na\u0161e najmehkej\u0161e in najbolj prilagodljive oblike, ki so idealne za stiskanje elementov.<\/p>\n<p>0 = trdo<br \/>\n5 = prilagodljiv<br \/>\nGuara dose\u017ee 3<\/p>","protected":false},"excerpt":{"rendered":"<p><strong>2024 Hyperlite Guara Cable Park Wakeboard Flex Factor<\/strong><br \/>\nNa lestvici od 1 do 5 na\u0161 Flex Factor 1 ozna\u010duje standardno upogljivost, medtem ko se rahlo zmeh\u010da s Flex Factors 2 do 5. Flex Factors 4 in 5 ozna\u010dujeta na\u0161e najmehkej\u0161e in najbolj prilagodljive oblike, ki so idealne za stiskanje elementov.<\/p>","protected":false},"featured_media":3735,"comment_status":"closed","ping_status":"closed","template":"","meta":{"_acf_changed":false,"inline_featured_image":false,"_monsterinsights_skip_tracking":false,"_monsterinsights_sitenote_active":false,"_monsterinsights_sitenote_note":"","_monsterinsights_sitenote_category":0},"product_brand":[29],"product_cat":[18,52],"product_tag":[],"class_list":{"0":"post-1369","1":"product","2":"type-product","3":"status-publish","4":"has-post-thumbnail","6":"product_brand-hyperlite","7":"product_cat-wake","8":"product_cat-wakeboards","10":"first","11":"instock","12":"sale","13":"taxable","14":"shipping-taxable","15":"purchasable","16":"product-type-variable"},"acf":[],"aioseo_notices":[],"_links":{"self":[{"href":"https:\/\/olliesport.com\/en\/wp-json\/wp\/v2\/product\/1369","targetHints":{"allow":["GET"]}}],"collection":[{"href":"https:\/\/olliesport.com\/en\/wp-json\/wp\/v2\/product"}],"about":[{"href":"https:\/\/olliesport.com\/en\/wp-json\/wp\/v2\/types\/product"}],"replies":[{"embeddable":true,"href":"https:\/\/olliesport.com\/en\/wp-json\/wp\/v2\/comments?post=1369"}],"wp:featuredmedia":[{"embeddable":true,"href":"https:\/\/olliesport.com\/en\/wp-json\/wp\/v2\/media\/3735"}],"wp:attachment":[{"href":"https:\/\/olliesport.com\/en\/wp-json\/wp\/v2\/media?parent=1369"}],"wp:term":[{"taxonomy":"product_brand","embeddable":true,"href":"https:\/\/olliesport.com\/en\/wp-json\/wp\/v2\/product_brand?post=1369"},{"taxonomy":"product_cat","embeddable":true,"href":"https:\/\/olliesport.com\/en\/wp-json\/wp\/v2\/product_cat?post=1369"},{"taxonomy":"product_tag","embeddable":true,"href":"https:\/\/olliesport.com\/en\/wp-json\/wp\/v2\/product_tag?post=1369"}],"curies":[{"name":"wp","href":"https:\/\/api.w.org\/{rel}","templated":true}]}}