{"id":1362,"date":"2025-10-29T14:52:00","date_gmt":"2025-10-29T13:52:00","guid":{"rendered":"https:\/\/olliesport.click.si\/trgovina\/uncategorized\/hyperlite-2024-aries-ladies-142-board\/"},"modified":"2026-04-16T22:58:41","modified_gmt":"2026-04-16T20:58:41","slug":"hyperlite-2024-aries-ladies-142-board","status":"publish","type":"product","link":"https:\/\/olliesport.com\/en\/trgovina\/wake\/wakeboards\/hyperlite-2024-aries-ladies-142-board\/","title":{"rendered":"HYPERLITE ARIES LADIES 2024"},"content":{"rendered":"<p>FEATURES<\/p>\n<p><strong>\u2022 Neprekinjen rocker<\/strong><\/p>\n<p><strong>\u2022 Bo\u010dnica iz uretana \u2013\u00a0<\/strong><em>Ulit uretan se brezhibno upogne z wakeboardom in se ve\u017ee na zgornji in spodnji laminat za popolnoma zlepljeno trdno konstrukcijo.<\/em><\/p>\n<p><strong>\u2022 Oblikovalec: Aaron Stumpf \u2013\u00a0<\/strong><em>Aaron Stumpf vodi skupino za raziskave in razvoj Hyperlite, ki oblikuje \u0161tevilne na\u0161e najbolje prodajane wakeboarde. Aaron, specialist za oblikovanje s 25-letnimi izku\u0161njami, ustvarja tudi na\u0161e proizvodne procese in inovativne konstrukcijske formule.<\/em><\/p>","protected":false},"excerpt":{"rendered":"<p>Lisa Baloo si je prislu\u017eila profesionalni model deske, ki jo je poimenovala Aries. Aries je na\u0161a najmehkej\u0161a postavitev do sedaj s faktorjem upogljivosti 5 zahvaljujo\u010d Hyperlite Satin Flex. Ozek profil izbolj\u0161a nadzor robov, prenos po robovih je preprost. Abrupt Continuous Rocker zagotavlja prijetno vo\u017enjo s hitrim ob\u010dutkom, Hyperlite\u2019s Woodlite Core pa zagotavlja enakomeren upogib od konice do repa.<\/p>","protected":false},"featured_media":3712,"comment_status":"closed","ping_status":"closed","template":"","meta":{"_acf_changed":false,"inline_featured_image":false,"_monsterinsights_skip_tracking":false,"_monsterinsights_sitenote_active":false,"_monsterinsights_sitenote_note":"","_monsterinsights_sitenote_category":0},"product_brand":[29],"product_cat":[18,52],"product_tag":[],"class_list":{"0":"post-1362","1":"product","2":"type-product","3":"status-publish","4":"has-post-thumbnail","6":"product_brand-hyperlite","7":"product_cat-wake","8":"product_cat-wakeboards","10":"first","11":"instock","12":"sale","13":"taxable","14":"shipping-taxable","15":"purchasable","16":"product-type-variable"},"acf":[],"aioseo_notices":[],"_links":{"self":[{"href":"https:\/\/olliesport.com\/en\/wp-json\/wp\/v2\/product\/1362","targetHints":{"allow":["GET"]}}],"collection":[{"href":"https:\/\/olliesport.com\/en\/wp-json\/wp\/v2\/product"}],"about":[{"href":"https:\/\/olliesport.com\/en\/wp-json\/wp\/v2\/types\/product"}],"replies":[{"embeddable":true,"href":"https:\/\/olliesport.com\/en\/wp-json\/wp\/v2\/comments?post=1362"}],"wp:featuredmedia":[{"embeddable":true,"href":"https:\/\/olliesport.com\/en\/wp-json\/wp\/v2\/media\/3712"}],"wp:attachment":[{"href":"https:\/\/olliesport.com\/en\/wp-json\/wp\/v2\/media?parent=1362"}],"wp:term":[{"taxonomy":"product_brand","embeddable":true,"href":"https:\/\/olliesport.com\/en\/wp-json\/wp\/v2\/product_brand?post=1362"},{"taxonomy":"product_cat","embeddable":true,"href":"https:\/\/olliesport.com\/en\/wp-json\/wp\/v2\/product_cat?post=1362"},{"taxonomy":"product_tag","embeddable":true,"href":"https:\/\/olliesport.com\/en\/wp-json\/wp\/v2\/product_tag?post=1362"}],"curies":[{"name":"wp","href":"https:\/\/api.w.org\/{rel}","templated":true}]}}