{"id":1351,"date":"2025-10-29T14:51:59","date_gmt":"2025-10-29T13:51:59","guid":{"rendered":"https:\/\/olliesport.click.si\/trgovina\/uncategorized\/hoka-tek-cevlji-w-speedgoat-5-bccml-6-10-1123158\/"},"modified":"2026-04-16T20:58:34","modified_gmt":"2026-04-16T18:58:34","slug":"hoka-speedgoat-5-bccml-6","status":"publish","type":"product","link":"https:\/\/olliesport.com\/en\/trgovina\/tek-in-hoja\/zenska-obutev\/zenska-trail-obutev\/hoka-speedgoat-5-bccml-6\/","title":{"rendered":"HOKA SPEEDGOAT 5"},"content":{"rendered":"<p>Speedgoat 5 ostaja va\u0161 zanesljiv in cenovno ugoden \u010develj za vse. \u010ce pa \u017eelite iz njega iztisniti vse, bode to storili z hitrimi teki na zelo tehni\u010dnih terenih. Poleg tega izpolnjuje vse pogoje odli\u010dnega trail copata. Je noro oprijemljiv, vzdr\u017eljiv.<\/p>\n<p>&nbsp;<\/p>\n<p>Krasi jih nova zra\u010dna, a mo\u010dna mre\u017eica na zgornjem delu. Za bolj\u0161o oporo, prileganje in varen ob\u010dutek v srednjem delu \u010devlja poskrbijo natisnjeni 3D elementi. Poleg tega pa ponujajo ve\u010d prostora za prste v prednjem delu \u010devlja. Podplat Vibram Megagrip s 5 mm \u010depki nudi odli\u010den oprijem pri teku navzgor in varen ter stabilen korak pri teku navzdol. Copati so opremljeni s poznim Meta Rockerjem.<\/p>\n<p>Vzemite Hoka Speedgoat 5, \u010de \u017eelite iti hitro in dale\u010d!<\/p>","protected":false},"excerpt":{"rendered":"<p>Krasi jih nova zra\u010dna, a mo\u010dna mre\u017eica na zgornjem delu. Za bolj\u0161o oporo, prileganje in varen ob\u010dutek v srednjem delu \u010devlja poskrbijo natisnjeni 3D elementi. Poleg tega pa ponujajo ve\u010d prostora za prste v prednjem delu \u010devlja.<\/p>","protected":false},"featured_media":3391,"comment_status":"closed","ping_status":"closed","template":"","meta":{"_acf_changed":false,"inline_featured_image":false,"_monsterinsights_skip_tracking":false,"_monsterinsights_sitenote_active":false,"_monsterinsights_sitenote_note":"","_monsterinsights_sitenote_category":0},"product_brand":[28],"product_cat":[19,73,75],"product_tag":[],"class_list":{"0":"post-1351","1":"product","2":"type-product","3":"status-publish","4":"has-post-thumbnail","6":"product_brand-hoka","7":"product_cat-tek-in-hoja","8":"product_cat-zenska-obutev","9":"product_cat-zenska-trail-obutev","11":"first","12":"instock","13":"sale","14":"taxable","15":"shipping-taxable","16":"purchasable","17":"product-type-variable"},"acf":[],"aioseo_notices":[],"_links":{"self":[{"href":"https:\/\/olliesport.com\/en\/wp-json\/wp\/v2\/product\/1351","targetHints":{"allow":["GET"]}}],"collection":[{"href":"https:\/\/olliesport.com\/en\/wp-json\/wp\/v2\/product"}],"about":[{"href":"https:\/\/olliesport.com\/en\/wp-json\/wp\/v2\/types\/product"}],"replies":[{"embeddable":true,"href":"https:\/\/olliesport.com\/en\/wp-json\/wp\/v2\/comments?post=1351"}],"wp:featuredmedia":[{"embeddable":true,"href":"https:\/\/olliesport.com\/en\/wp-json\/wp\/v2\/media\/3391"}],"wp:attachment":[{"href":"https:\/\/olliesport.com\/en\/wp-json\/wp\/v2\/media?parent=1351"}],"wp:term":[{"taxonomy":"product_brand","embeddable":true,"href":"https:\/\/olliesport.com\/en\/wp-json\/wp\/v2\/product_brand?post=1351"},{"taxonomy":"product_cat","embeddable":true,"href":"https:\/\/olliesport.com\/en\/wp-json\/wp\/v2\/product_cat?post=1351"},{"taxonomy":"product_tag","embeddable":true,"href":"https:\/\/olliesport.com\/en\/wp-json\/wp\/v2\/product_tag?post=1351"}],"curies":[{"name":"wp","href":"https:\/\/api.w.org\/{rel}","templated":true}]}}