{"id":1344,"date":"2025-10-29T14:51:58","date_gmt":"2025-10-29T13:51:58","guid":{"rendered":"https:\/\/olliesport.click.si\/trgovina\/uncategorized\/hoka-tek-cevlji-m-speedgoat-5-mid-gtx-bgay-10\/"},"modified":"2026-03-03T10:58:43","modified_gmt":"2026-03-03T09:58:43","slug":"hoka-speedgoat-5-mid-gtx-bgay","status":"publish","type":"product","link":"https:\/\/olliesport.com\/en\/trgovina\/tek-in-hoja\/moska-obutev\/moska-trail-obutev\/hoka-speedgoat-5-mid-gtx-bgay\/","title":{"rendered":"HOKA SPEEDGOAT 5 MID GTX"},"content":{"rendered":"<p>Vi\u0161ja vodoodporna razli\u010dica Speedgoata, na\u0161ega legendarnega delovnega konja, namenjena najbolj zahtevnim in tehni\u010dnim trailom, pa tudi neugodnim vremenskim razmeram, za kar poskrbi vodoodporna membrana GORE-TEX, narejena iz recikliranih materialov. Kaj je novega? Prakti\u010dno vse na copatu, od podplata do vezalk. Za neverjeten oprijem te zveri za tek po brezpotjih smo ga opremili z zunanjim podplatom iz \u017ee dobro poznane gume Vibram\u00ae Megagrip, s tem da je podplat novega Speedgoata 5 \u0161e dodatno posodobljen z majhnimi izboklinicami na \u010depih, ki s svojo dodatno povr\u0161ino omogo\u010dajo \u0161e bolj\u0161i oprijem in mo\u010d zaviranja na spolzkih terenih. Izbolj\u0161av je bil dele\u017een tudi jezik, kar bo \u0161e dodatno pripomoglo k bolj\u0161emu ob\u010dutku udobja na nartu, ter del copata okoli gle\u017enjev, kjer fleksibilni ovratnik poskrbi za dodatno podporo gle\u017enjem. Me\u0161anica pen vmesnega podplata je la\u017eja kot kadarkoli in prina\u0161a Hokino prepoznavno enakomerno in prijetno teka\u0161ko izku\u0161njo. To, plus dvojna \u017eakardna mre\u017eica na zgornjem delu copata zagotavlja, da bo na\u0161a najnovej\u0161a trail super zvezda vlivala zaupanje na kateremkoli terenu.<\/p>\n<p>Zakaj vam bo v\u0161e\u010d? Je vse, kar je \u017ee bil, le \u0161e bolj\u0161i.<\/p>\n<ul>\n<li>Fiksiran jezik, strate\u0161ko zasnovan za \u010dim bolj\u0161o zra\u010dnost.<\/li>\n<li>Vodoodporna membrana GORE-TEX iz recikliranih materialov.<\/li>\n<li>Dvojna \u017eakardna mre\u017eica iz recikliranih materialov.<\/li>\n<li>Vertical heel tab for easier putting on and taking off.<\/li>\n<li>Reciklirane poliestrske vezalke.<\/li>\n<li>Protection on the front.<\/li>\n<li>Vlo\u017eek iz penaste gume EVA.<\/li>\n<li>Vmesni podplat iz penaste gume CMEVA zagotavlja ultralahko bla\u017eenje in odziven tek.<\/li>\n<li>Gugalnik (Meta-Rocker) v pozni fazi za enakomeren in udoben tek.<\/li>\n<li>Vibram\u00ae MegaGrip rubber outsole with special lugs for even better grip in damp and wet conditions.<\/li>\n<li>5 mm studs.<\/li>\n<li>Suitable for vegans.<\/li>\n<\/ul>\n<p>DATA<\/p>\n<p>Fit: Medium<\/p>\n<p>Surface: Running in nature<\/p>\n<p>Category: Neutral<\/p>\n<p>Cushioning: Balanced<\/p>\n<p>GEOMETRY<\/p>\n<p>Drop: 5 mm<\/p>\n<p>Front: 28 mm<\/p>\n<p>Peta: 32 mm<\/p>\n<p>WEIGHT<\/p>\n<p>Te\u017ea: 352 g<\/p>\n<p>Weight for EU size 42 2\/3.<\/p>","protected":false},"excerpt":{"rendered":"<ul>\n<li>Fiksiran jezik, strate\u0161ko zasnovan za \u010dim bolj\u0161o zra\u010dnost.<\/li>\n<li>Vodoodporna membrana GORE-TEX iz recikliranih materialov.<\/li>\n<li>Dvojna \u017eakardna mre\u017eica iz recikliranih materialov.<\/li>\n<li>Vertical heel tab for easier putting on and taking off.<\/li>\n<li>Reciklirane poliestrske vezalke.<\/li>\n<li>Protection on the front.<\/li>\n<li>Vlo\u017eek iz penaste gume EVA.<\/li>\n<li>Vmesni podplat iz penaste gume CMEVA zagotavlja ultralahko bla\u017eenje in odziven tek.<\/li>\n<li>Gugalnik (Meta-Rocker) v pozni fazi za enakomeren in udoben tek.<\/li>\n<li>Vibram\u00ae MegaGrip rubber outsole with special lugs for even better grip in damp and wet conditions.<\/li>\n<li>5 mm studs.<\/li>\n<li>Suitable for vegans.<\/li>\n<\/ul>","protected":false},"featured_media":3408,"comment_status":"closed","ping_status":"closed","template":"","meta":{"_acf_changed":false,"inline_featured_image":false,"_monsterinsights_skip_tracking":false,"_monsterinsights_sitenote_active":false,"_monsterinsights_sitenote_note":"","_monsterinsights_sitenote_category":0},"product_brand":[28],"product_cat":[70,72,19],"product_tag":[],"class_list":{"0":"post-1344","1":"product","2":"type-product","3":"status-publish","4":"has-post-thumbnail","6":"product_brand-hoka","7":"product_cat-moska-obutev","8":"product_cat-moska-trail-obutev","9":"product_cat-tek-in-hoja","11":"first","12":"instock","13":"sale","14":"taxable","15":"shipping-taxable","16":"purchasable","17":"product-type-variable"},"acf":[],"aioseo_notices":[],"_links":{"self":[{"href":"https:\/\/olliesport.com\/en\/wp-json\/wp\/v2\/product\/1344","targetHints":{"allow":["GET"]}}],"collection":[{"href":"https:\/\/olliesport.com\/en\/wp-json\/wp\/v2\/product"}],"about":[{"href":"https:\/\/olliesport.com\/en\/wp-json\/wp\/v2\/types\/product"}],"replies":[{"embeddable":true,"href":"https:\/\/olliesport.com\/en\/wp-json\/wp\/v2\/comments?post=1344"}],"wp:featuredmedia":[{"embeddable":true,"href":"https:\/\/olliesport.com\/en\/wp-json\/wp\/v2\/media\/3408"}],"wp:attachment":[{"href":"https:\/\/olliesport.com\/en\/wp-json\/wp\/v2\/media?parent=1344"}],"wp:term":[{"taxonomy":"product_brand","embeddable":true,"href":"https:\/\/olliesport.com\/en\/wp-json\/wp\/v2\/product_brand?post=1344"},{"taxonomy":"product_cat","embeddable":true,"href":"https:\/\/olliesport.com\/en\/wp-json\/wp\/v2\/product_cat?post=1344"},{"taxonomy":"product_tag","embeddable":true,"href":"https:\/\/olliesport.com\/en\/wp-json\/wp\/v2\/product_tag?post=1344"}],"curies":[{"name":"wp","href":"https:\/\/api.w.org\/{rel}","templated":true}]}}