{"id":1328,"date":"2025-10-29T14:51:55","date_gmt":"2025-10-29T13:51:55","guid":{"rendered":"https:\/\/olliesport.click.si\/trgovina\/uncategorized\/hoka-1155119-m-mach-x-2-gfrt-95\/"},"modified":"2026-03-20T13:58:31","modified_gmt":"2026-03-20T12:58:31","slug":"hoka-mach-x-2-gfrt","status":"publish","type":"product","link":"https:\/\/olliesport.com\/en\/trgovina\/tek-in-hoja\/moska-obutev\/moska-cestna-obutev\/hoka-mach-x-2-gfrt\/","title":{"rendered":"HOKA MACH X 2"},"content":{"rendered":"<p>PROPULZIVNI PARTNER ZA HITROST.<\/p>\n<p>Novi, vro\u010di Mach X 2 je tu in je drznej\u0161i kot kadarkoli prej! Idealen cestni copat za hitrost, tako za vsakodnevne treninge kot tudi tekme. Navdih zanj je bil na\u0161 uspe\u0161ni racer Cielo X1 s svojo tekmovalno geometrijo. V modelu Mach X 2 smo zdru\u017eili ekstra odzivno peno PEBA v zgornji plasti vmesnega podplata, pove\u010dali profil gugalnika za agresivnej\u0161i odriv ter podalj\u0161ali dizajn plo\u0161\u010de Pebax\u00ae za \u0161e bolj\u0161o podporo in propulzijo. Zgornji mre\u017easti del copata je super zra\u010den, nudi dobro oporo, medtem ko smo ovratnik copata v maniri tekmovalnih copat oklestili in ga pripravili za tekmo. Mach X 2 je hiter in odziven copat za treninge in tekme. Je lahek, cool, zelo zabaven in bo z vami pri va\u0161ih novih teka\u0161kih mejnikih.<\/p>\n<ul>\n<li>Tekmovalno navdihnjen ovratnik copata.<\/li>\n<li>Double-edged tongue.<\/li>\n<li>Pletena ultralahka, zra\u010dna mre\u017eica zgornjega dela copata.<\/li>\n<li>Odsevni detajli za bolj\u0161o vidljivost.<\/li>\n<li>Visoko odbojna pena PEBA v vmesnem podplatu.<\/li>\n<li>Propulzivna plo\u0161\u010da Pebax\u00ae Rnew\u00ae.<\/li>\n<li>Gugalnik MetaRocker\u2122 v zgodnji fazi.<\/li>\n<li>Rubber on the outsole in strategic places.<\/li>\n<\/ul>\n<p>RECOMMENDED FOR:<br \/>\nRoad running<br \/>\nMatch<\/p>\n<p>DATA<br \/>\nFit: Medium<br \/>\nSurface: Road<br \/>\nCategory: Neutral<br \/>\nCushioning: Responsive<\/p>\n<p>GEOMETRY<br \/>\nDrop: 5 mm<br \/>\nSpredaj: 39 mm<br \/>\nHeel: 44 mm<\/p>\n<p>Features<\/p>\n<ul>\n<li>Foot type: neutral<\/li>\n<li>Shoe width: normal<\/li>\n<li>Bla\u017eenje:\u00a0odzivno<\/li>\n<\/ul>\n<p>&nbsp;<\/p>","protected":false},"excerpt":{"rendered":"<ul>\n<li>Tekmovalno navdihnjen ovratnik copata.<\/li>\n<li>Double-edged tongue.<\/li>\n<li>Pletena ultralahka, zra\u010dna mre\u017eica zgornjega dela copata.<\/li>\n<li>Odsevni detajli za bolj\u0161o vidljivost.<\/li>\n<li>Visoko odbojna pena PEBA v vmesnem podplatu.<\/li>\n<li>Propulzivna plo\u0161\u010da Pebax\u00ae Rnew\u00ae.<\/li>\n<li>Gugalnik MetaRocker\u2122 v zgodnji fazi.<\/li>\n<li>Rubber on the outsole in strategic places.<\/li>\n<\/ul>","protected":false},"featured_media":3482,"comment_status":"closed","ping_status":"closed","template":"","meta":{"_acf_changed":false,"inline_featured_image":false,"_monsterinsights_skip_tracking":false,"_monsterinsights_sitenote_active":false,"_monsterinsights_sitenote_note":"","_monsterinsights_sitenote_category":0},"product_brand":[28],"product_cat":[71,70,19],"product_tag":[],"class_list":{"0":"post-1328","1":"product","2":"type-product","3":"status-publish","4":"has-post-thumbnail","6":"product_brand-hoka","7":"product_cat-moska-cestna-obutev","8":"product_cat-moska-obutev","9":"product_cat-tek-in-hoja","11":"first","12":"instock","13":"sale","14":"taxable","15":"shipping-taxable","16":"purchasable","17":"product-type-variable"},"acf":[],"aioseo_notices":[],"_links":{"self":[{"href":"https:\/\/olliesport.com\/en\/wp-json\/wp\/v2\/product\/1328","targetHints":{"allow":["GET"]}}],"collection":[{"href":"https:\/\/olliesport.com\/en\/wp-json\/wp\/v2\/product"}],"about":[{"href":"https:\/\/olliesport.com\/en\/wp-json\/wp\/v2\/types\/product"}],"replies":[{"embeddable":true,"href":"https:\/\/olliesport.com\/en\/wp-json\/wp\/v2\/comments?post=1328"}],"wp:featuredmedia":[{"embeddable":true,"href":"https:\/\/olliesport.com\/en\/wp-json\/wp\/v2\/media\/3482"}],"wp:attachment":[{"href":"https:\/\/olliesport.com\/en\/wp-json\/wp\/v2\/media?parent=1328"}],"wp:term":[{"taxonomy":"product_brand","embeddable":true,"href":"https:\/\/olliesport.com\/en\/wp-json\/wp\/v2\/product_brand?post=1328"},{"taxonomy":"product_cat","embeddable":true,"href":"https:\/\/olliesport.com\/en\/wp-json\/wp\/v2\/product_cat?post=1328"},{"taxonomy":"product_tag","embeddable":true,"href":"https:\/\/olliesport.com\/en\/wp-json\/wp\/v2\/product_tag?post=1328"}],"curies":[{"name":"wp","href":"https:\/\/api.w.org\/{rel}","templated":true}]}}