{"id":1319,"date":"2025-10-29T14:51:54","date_gmt":"2025-10-29T13:51:54","guid":{"rendered":"https:\/\/olliesport.click.si\/trgovina\/uncategorized\/hoka-1127896-w-clifton-9-evn-85\/"},"modified":"2026-04-16T20:58:34","modified_gmt":"2026-04-16T18:58:34","slug":"hoka-clifton-9-evn","status":"publish","type":"product","link":"https:\/\/olliesport.com\/en\/trgovina\/tek-in-hoja\/zenska-obutev\/zenska-cestna-obutev\/hoka-clifton-9-evn\/","title":{"rendered":"HOKA CLIFTON 9"},"content":{"rendered":"<p>Clifton 9, \u017ee deveta razli\u010dica na\u0161e velikokrat nagrajene fran\u0161ize, je \u0161e la\u017eji in bolj bla\u017een kot kadarkoli prej. Ob tem, da je la\u017eji, je \u0161e celo vi\u0161ji za 3 mm. Clifton ostaja Clifton, se pravi udoben in prijetno bla\u017een copat za vsakodnevne treninge, ki smo ga osve\u017eili z novo odzivno peno in izbolj\u0161ali zasnovo zunanjega podplata. Zgornji del copata je v primerjavi s prej\u0161njo razli\u010dico precej poenostavljen, medtem ko je petni del na notranji strani bogato oblazinjen, na zunanji pa opremljen z odsevnim materialom. Jezik, ki je bil tudi izbolj\u0161an, je po novem pripet le \u0161e na eni strani.<\/p>\n<p>DATA<\/p>\n<p>Fit: Medium<\/p>\n<p>Surface: Road<\/p>\n<p>Category: Neutral<\/p>\n<p>Cushioning: Balanced<\/p>\n<p>GEOMETRY<\/p>\n<p>Drop: 5 mm<\/p>\n<p>Front: 24 mm<\/p>\n<p>Heel: 29 mm<\/p>\n<p>WEIGHT<\/p>\n<p>Te\u017ea: 205 g<\/p>\n<p>Weight for EU size 38 2\/3.<\/p>\n<p>Features<\/p>\n<ul>\n<li>Foot type: neutral<\/li>\n<li>Shoe width: normal<\/li>\n<li>Cushioning: balanced<\/li>\n<\/ul>\n<p>&nbsp;<\/p>","protected":false},"excerpt":{"rendered":"<p>Clifton 9, \u017ee deveta razli\u010dica na\u0161e velikokrat nagrajene fran\u0161ize, je \u0161e la\u017eji in bolj bla\u017een kot kadarkoli prej. Ob tem, da je la\u017eji, je \u0161e celo vi\u0161ji za 3 mm.<\/p>","protected":false},"featured_media":3291,"comment_status":"closed","ping_status":"closed","template":"","meta":{"_acf_changed":false,"inline_featured_image":false,"_monsterinsights_skip_tracking":false,"_monsterinsights_sitenote_active":false,"_monsterinsights_sitenote_note":"","_monsterinsights_sitenote_category":0},"product_brand":[28],"product_cat":[19,74,73],"product_tag":[],"class_list":{"0":"post-1319","1":"product","2":"type-product","3":"status-publish","4":"has-post-thumbnail","6":"product_brand-hoka","7":"product_cat-tek-in-hoja","8":"product_cat-zenska-cestna-obutev","9":"product_cat-zenska-obutev","11":"first","12":"instock","13":"sale","14":"taxable","15":"shipping-taxable","16":"purchasable","17":"product-type-variable"},"acf":[],"aioseo_notices":[],"_links":{"self":[{"href":"https:\/\/olliesport.com\/en\/wp-json\/wp\/v2\/product\/1319","targetHints":{"allow":["GET"]}}],"collection":[{"href":"https:\/\/olliesport.com\/en\/wp-json\/wp\/v2\/product"}],"about":[{"href":"https:\/\/olliesport.com\/en\/wp-json\/wp\/v2\/types\/product"}],"replies":[{"embeddable":true,"href":"https:\/\/olliesport.com\/en\/wp-json\/wp\/v2\/comments?post=1319"}],"wp:featuredmedia":[{"embeddable":true,"href":"https:\/\/olliesport.com\/en\/wp-json\/wp\/v2\/media\/3291"}],"wp:attachment":[{"href":"https:\/\/olliesport.com\/en\/wp-json\/wp\/v2\/media?parent=1319"}],"wp:term":[{"taxonomy":"product_brand","embeddable":true,"href":"https:\/\/olliesport.com\/en\/wp-json\/wp\/v2\/product_brand?post=1319"},{"taxonomy":"product_cat","embeddable":true,"href":"https:\/\/olliesport.com\/en\/wp-json\/wp\/v2\/product_cat?post=1319"},{"taxonomy":"product_tag","embeddable":true,"href":"https:\/\/olliesport.com\/en\/wp-json\/wp\/v2\/product_tag?post=1319"}],"curies":[{"name":"wp","href":"https:\/\/api.w.org\/{rel}","templated":true}]}}