{"id":1234,"date":"2025-10-29T14:51:41","date_gmt":"2025-10-29T13:51:41","guid":{"rendered":"https:\/\/olliesport.click.si\/trgovina\/uncategorized\/celada-pro-matte-black-l\/"},"modified":"2026-04-16T20:58:34","modified_gmt":"2026-04-16T18:58:34","slug":"celada-pro-matte-black-l","status":"publish","type":"product","link":"https:\/\/olliesport.com\/en\/trgovina\/wake\/celade-za-wake\/celada-pro-matte-black-l\/","title":{"rendered":"FOLLOW \u010cELADA PRO MATTE BLACK"},"content":{"rendered":"<p data-start=\"75\" data-end=\"246\"><strong data-start=\"75\" data-end=\"246\">Follow Wake Pro \u010delada za wakeboard \u2013 siva \u2013 CE certifikat, TrueFit podloga, mehka EVA oblazinjenost, Fidlock\u00ae magnetna zaponka \u2013 popolna za varnost pri vodnih \u0161portih<\/strong><\/p>\n<p data-start=\"248\" data-end=\"791\">Predstavljamo \u010delado\u00a0<strong data-start=\"269\" data-end=\"288\">Follow Wake Pro<\/strong>\u00a0v sivi barvi \u2013 vrhunska izbira za navdu\u0161ence nad vodnimi \u0161porti, ki i\u0161\u010dejo kombinacijo udobja, za\u0161\u010dite in stila. \u010celada je opremljena s podlogo\u00a0<strong data-start=\"433\" data-end=\"444\">TrueFit<\/strong>, ki zagotavlja varen oprijem in prepre\u010duje premikanje notranje tkanine, kar pomeni, da bo \u010delada ostala udobno na mestu tudi pri mo\u010dnej\u0161ih udarcih. Oblikovana z\u00a0<strong data-start=\"606\" data-end=\"635\">mehko EVA oblazinjenostjo<\/strong>, u\u010dinkovito absorbira pritisk ob udarcu in ga razporedi \u010dez ve\u010djo povr\u0161ino, s \u010dimer zmanj\u0161a sunkovitost nepri\u010dakovanih trkov ter vas ohranja varne na vodi.<\/p>\n<p data-start=\"793\" data-end=\"1244\">Z inovativno\u00a0<strong data-start=\"806\" data-end=\"835\">Fidlock\u00ae magnetno zaponko<\/strong>\u00a0je prilagajanje hitro in enostavno \u2013 omogo\u010da zapenjanje in odpenjanje z eno roko, kar je idealno za hitre popravke med gibanjem. \u010celada\u00a0<strong data-start=\"972\" data-end=\"991\">Follow Wake Pro<\/strong>\u00a0is\u00a0<strong data-start=\"995\" data-end=\"1036\">CE certificirana po standardu EN 1385<\/strong>, kar pomeni, da izpolnjuje visoke varnostne zahteve za vodne \u0161porte. Sedaj je na voljo tudi v\u00a0<strong data-start=\"1131\" data-end=\"1165\">novi, izredno majhni velikosti<\/strong>, primerna za vse uporabnike \u2013 tudi najmlaj\u0161e in tiste z manj\u0161im obsegom glave.<\/p>\n<p data-start=\"1246\" data-end=\"1270\"><strong data-start=\"1246\" data-end=\"1270\">Key features:<\/strong><\/p>\n<ul data-start=\"1271\" data-end=\"1631\">\n<li data-start=\"1271\" data-end=\"1334\">\n<p data-start=\"1273\" data-end=\"1334\"><strong data-start=\"1273\" data-end=\"1293\">TrueFit\u00a9 podloga<\/strong>: Zagotavlja stabilen in udoben oprijem<\/p>\n<\/li>\n<li data-start=\"1335\" data-end=\"1414\">\n<p data-start=\"1337\" data-end=\"1414\"><strong data-start=\"1337\" data-end=\"1364\">Mehka EVA oblazinjenost<\/strong>: Absorbira in razporedi udarce za ve\u010djo za\u0161\u010dito<\/p>\n<\/li>\n<li data-start=\"1415\" data-end=\"1495\">\n<p data-start=\"1417\" data-end=\"1495\"><strong data-start=\"1417\" data-end=\"1446\">Fidlock\u00ae magnetna zaponka<\/strong>: Omogo\u010da enoro\u010dno prilagajanje za ve\u010dje udobje<\/p>\n<\/li>\n<li data-start=\"1496\" data-end=\"1559\">\n<p data-start=\"1498\" data-end=\"1559\"><strong data-start=\"1498\" data-end=\"1523\">CE certifikat EN 1385<\/strong>: Potrjena varnost za vodne \u0161porte<\/p>\n<\/li>\n<li data-start=\"1560\" data-end=\"1631\">\n<p data-start=\"1562\" data-end=\"1631\"><strong data-start=\"1562\" data-end=\"1582\">Nova velikost XS<\/strong>: Idealna za mlaj\u0161e uporabnike ali manj\u0161e glave<\/p>\n<\/li>\n<\/ul>","protected":false},"excerpt":{"rendered":"<ul data-start=\"1271\" data-end=\"1631\">\n<li data-start=\"1271\" data-end=\"1334\">\n<p data-start=\"1273\" data-end=\"1334\"><strong data-start=\"1273\" data-end=\"1293\">TrueFit\u00a9 podloga<\/strong>: Zagotavlja stabilen in udoben oprijem<\/p>\n<\/li>\n<li data-start=\"1335\" data-end=\"1414\">\n<p data-start=\"1337\" data-end=\"1414\"><strong data-start=\"1337\" data-end=\"1364\">Mehka EVA oblazinjenost<\/strong>: Absorbira in razporedi udarce za ve\u010djo za\u0161\u010dito<\/p>\n<\/li>\n<li data-start=\"1415\" data-end=\"1495\">\n<p data-start=\"1417\" data-end=\"1495\"><strong data-start=\"1417\" data-end=\"1446\">Fidlock\u00ae magnetna zaponka<\/strong>: Omogo\u010da enoro\u010dno prilagajanje za ve\u010dje udobje<\/p>\n<\/li>\n<li data-start=\"1496\" data-end=\"1559\">\n<p data-start=\"1498\" data-end=\"1559\"><strong data-start=\"1498\" data-end=\"1523\">CE certifikat EN 1385<\/strong>: Potrjena varnost za vodne \u0161porte<\/p>\n<\/li>\n<li data-start=\"1560\" data-end=\"1631\">\n<p data-start=\"1562\" data-end=\"1631\"><strong data-start=\"1562\" data-end=\"1582\">Nova velikost XS<\/strong>: Idealna za mlaj\u0161e uporabnike ali manj\u0161e glave<\/p>\n<\/li>\n<\/ul>","protected":false},"featured_media":3790,"comment_status":"open","ping_status":"closed","template":"","meta":{"_acf_changed":false,"inline_featured_image":false,"_monsterinsights_skip_tracking":false,"_monsterinsights_sitenote_active":false,"_monsterinsights_sitenote_note":"","_monsterinsights_sitenote_category":0},"product_brand":[29],"product_cat":[54,18],"product_tag":[],"class_list":{"0":"post-1234","1":"product","2":"type-product","3":"status-publish","4":"has-post-thumbnail","6":"product_brand-hyperlite","7":"product_cat-celade-za-wake","8":"product_cat-wake","10":"first","11":"instock","12":"taxable","13":"shipping-taxable","14":"purchasable","15":"product-type-variable"},"acf":[],"aioseo_notices":[],"_links":{"self":[{"href":"https:\/\/olliesport.com\/en\/wp-json\/wp\/v2\/product\/1234","targetHints":{"allow":["GET"]}}],"collection":[{"href":"https:\/\/olliesport.com\/en\/wp-json\/wp\/v2\/product"}],"about":[{"href":"https:\/\/olliesport.com\/en\/wp-json\/wp\/v2\/types\/product"}],"replies":[{"embeddable":true,"href":"https:\/\/olliesport.com\/en\/wp-json\/wp\/v2\/comments?post=1234"}],"wp:featuredmedia":[{"embeddable":true,"href":"https:\/\/olliesport.com\/en\/wp-json\/wp\/v2\/media\/3790"}],"wp:attachment":[{"href":"https:\/\/olliesport.com\/en\/wp-json\/wp\/v2\/media?parent=1234"}],"wp:term":[{"taxonomy":"product_brand","embeddable":true,"href":"https:\/\/olliesport.com\/en\/wp-json\/wp\/v2\/product_brand?post=1234"},{"taxonomy":"product_cat","embeddable":true,"href":"https:\/\/olliesport.com\/en\/wp-json\/wp\/v2\/product_cat?post=1234"},{"taxonomy":"product_tag","embeddable":true,"href":"https:\/\/olliesport.com\/en\/wp-json\/wp\/v2\/product_tag?post=1234"}],"curies":[{"name":"wp","href":"https:\/\/api.w.org\/{rel}","templated":true}]}}