{"id":1202,"date":"2025-10-29T14:51:38","date_gmt":"2025-10-29T13:51:38","guid":{"rendered":"https:\/\/olliesport.click.si\/trgovina\/uncategorized\/cb-vittoria-plasc-mezcal-iii-g2-0-29x225-uci-tlr-1c-crna-60tpi\/"},"modified":"2026-04-17T05:58:20","modified_gmt":"2026-04-17T03:58:20","slug":"cb-vittoria-plasc-mezcal-iii-g2-0-29x225-uci-tlr-1c-crna-60tpi","status":"publish","type":"product","link":"https:\/\/olliesport.com\/en\/trgovina\/uncategorized\/cb-vittoria-plasc-mezcal-iii-g2-0-29x225-uci-tlr-1c-crna-60tpi\/","title":{"rendered":"CB.Vittoria pla\u0161\u010d MEZCAL III G2.0 29&#8217;\u00d72,25 UCI TLR 1C \u010crna 60TPI"},"content":{"rendered":"","protected":false},"excerpt":{"rendered":"","protected":false},"featured_media":0,"comment_status":"open","ping_status":"closed","template":"","meta":{"_acf_changed":false,"inline_featured_image":false,"_monsterinsights_skip_tracking":false,"_monsterinsights_sitenote_active":false,"_monsterinsights_sitenote_note":"","_monsterinsights_sitenote_category":0},"product_brand":[],"product_cat":[15],"product_tag":[],"class_list":{"0":"post-1202","1":"product","2":"type-product","3":"status-publish","5":"product_cat-uncategorized","7":"first","8":"instock","9":"taxable","10":"shipping-taxable","11":"purchasable","12":"product-type-simple"},"acf":[],"aioseo_notices":[],"_links":{"self":[{"href":"https:\/\/olliesport.com\/en\/wp-json\/wp\/v2\/product\/1202","targetHints":{"allow":["GET"]}}],"collection":[{"href":"https:\/\/olliesport.com\/en\/wp-json\/wp\/v2\/product"}],"about":[{"href":"https:\/\/olliesport.com\/en\/wp-json\/wp\/v2\/types\/product"}],"replies":[{"embeddable":true,"href":"https:\/\/olliesport.com\/en\/wp-json\/wp\/v2\/comments?post=1202"}],"wp:attachment":[{"href":"https:\/\/olliesport.com\/en\/wp-json\/wp\/v2\/media?parent=1202"}],"wp:term":[{"taxonomy":"product_brand","embeddable":true,"href":"https:\/\/olliesport.com\/en\/wp-json\/wp\/v2\/product_brand?post=1202"},{"taxonomy":"product_cat","embeddable":true,"href":"https:\/\/olliesport.com\/en\/wp-json\/wp\/v2\/product_cat?post=1202"},{"taxonomy":"product_tag","embeddable":true,"href":"https:\/\/olliesport.com\/en\/wp-json\/wp\/v2\/product_tag?post=1202"}],"curies":[{"name":"wp","href":"https:\/\/api.w.org\/{rel}","templated":true}]}}