{"id":1103,"date":"2025-10-29T14:51:25","date_gmt":"2025-10-29T13:51:25","guid":{"rendered":"https:\/\/olliesport.click.si\/trgovina\/uncategorized\/b-sedez-prologo-dimension-eva-tirox-156cm-pr23\/"},"modified":"2026-04-16T20:58:03","modified_gmt":"2026-04-16T18:58:03","slug":"b-sedez-prologo-dimension-eva-tirox-156cm-pr23","status":"publish","type":"product","link":"https:\/\/olliesport.com\/en\/trgovina\/kolo\/sedezi\/b-sedez-prologo-dimension-eva-tirox-156cm-pr23\/","title":{"rendered":"B. SEAT PROLOGO DIMENSION EVA TIROX 156cm PR23"},"content":{"rendered":"<p class=\"\"><span class=\"relative -mx-px my-[-0.2rem] rounded-sm px-px py-[0.2rem]\"><strong>Prologo Dimension EVA<\/strong>\u00a0je kolesarski sede\u017e, posebej zasnovan za \u017eenske kolesarke, ki i\u0161\u010dejo optimalno kombinacijo udobja, podpore in zmogljivosti.<\/span>\u00a0<span class=\"relative -mx-px my-[-0.2rem] rounded-sm px-px py-[0.2rem]\">Razvit je bil v sodelovanju z \u017eenskimi ekipami UAE Team ADQ, EF Education-Cannondale in FDJ Suez, da bi zadovoljil specifi\u010dne anatomske potrebe \u017eensk.<\/span><\/p>\n<hr \/>\n<h3 class=\"\">\u2705\u00a0<strong>Klju\u010dne lastnosti:<\/strong><\/h3>\n<ul>\n<li class=\"\">\n<p class=\"\"><strong>\u0160ir\u0161a zasnova:<\/strong>\u00a0<span class=\"relative -mx-px my-[-0.2rem] rounded-sm px-px py-[0.2rem]\">S \u0161irino 156 mm zagotavlja pove\u010dano podporno povr\u0161ino za \u017eensko medenico, ki je obi\u010dajno \u0161ir\u0161a od mo\u0161ke, kar pove\u010duje udobje med vo\u017enjo.<\/span>\u00a0\u200b<\/p>\n<\/li>\n<li class=\"\">\n<p class=\"\"><strong>Pove\u010dan centralni kanal (PAS):<\/strong>\u00a0<span class=\"relative -mx-px my-[-0.2rem] rounded-sm px-px py-[0.2rem]\">18 % \u0161ir\u0161i centralni kanal z dodatnim oblazinjenjem na straneh zmanj\u0161uje pritisk na ob\u010dutljiva podro\u010dja in izbolj\u0161uje udobje med dolgimi vo\u017enjami.<\/span>\u00a0\u200b<\/p>\n<\/li>\n<li class=\"\">\n<p class=\"\"><strong>Debelej\u0161e oblazinjenje:<\/strong>\u00a0<span class=\"relative -mx-px my-[-0.2rem] rounded-sm px-px py-[0.2rem]\">Oblazinjenje je na zadnjem delu sede\u017ea pove\u010dano za 8 mm, kar zagotavlja ve\u010djo podporo in stabilnost med intenzivnimi vo\u017enjami.<\/span>\u00a0\u200b<\/p>\n<\/li>\n<li class=\"\">\n<p class=\"\"><strong>V-oblika:<\/strong>\u00a0<span class=\"relative -mx-px my-[-0.2rem] rounded-sm px-px py-[0.2rem]\">Zna\u010dilna V-oblika omogo\u010da napreden in aerodinami\u010den polo\u017eaj na sede\u017eu, kar je idealno za maksimiranje mo\u010di pri pedaliranju.<\/span>\u00a0\u200b<\/p>\n<\/li>\n<li class=\"\">\n<p class=\"\"><strong>TiroX:<\/strong>\u00a0<span class=\"relative -mx-px my-[-0.2rem] rounded-sm px-px py-[0.2rem]\">Iz lahke zlitine jekla, ki nudi odli\u010dno ravnovesje med te\u017eo in trdnostjo ter izbolj\u0161ano absorpcijo vibracij.<\/span>\u00a0\u200b<\/p>\n<\/li>\n<\/ul>\n<hr \/>\n<h3 class=\"\">\ud83d\udd27\u00a0<strong>Tehni\u010dne specifikacije:<\/strong><\/h3>\n<ul>\n<li class=\"\">\n<p class=\"\"><strong>Dimenzije:<\/strong>\u00a0<span class=\"relative -mx-px my-[-0.2rem] rounded-sm px-px py-[0.2rem]\">245 x 156 mm<\/span>\u200b<\/p>\n<\/li>\n<li class=\"\">\n<p class=\"\"><strong>Te\u017ea:<\/strong>\u00a0<span class=\"relative -mx-px my-[-0.2rem] rounded-sm px-px py-[0.2rem]\">227 g<\/span>\u00a0\u200b<\/p>\n<\/li>\n<li class=\"\">\n<p class=\"\"><strong>Oblika:<\/strong>\u00a0<span class=\"relative -mx-px my-[-0.2rem] rounded-sm px-px py-[0.2rem]\">V-oblika<\/span>\u200b<\/p>\n<\/li>\n<li class=\"\">\n<p class=\"\"><strong>Namen uporabe:<\/strong>\u00a0<span class=\"relative -mx-px my-[-0.2rem] rounded-sm px-px py-[0.2rem]\">Cestno kolesarjenje, gorsko kolesarjenje<\/span>\u200b<\/p>\n<\/li>\n<\/ul>\n<hr \/>\n<h3 class=\"\">\ud83d\udeb4\u00a0<strong>Zakaj izbrati Prologo Dimension EVA?<\/strong><\/h3>\n<p class=\"\"><span class=\"relative -mx-px my-[-0.2rem] rounded-sm px-px py-[0.2rem]\">\u010ce i\u0161\u010dete sede\u017e, ki je posebej zasnovan za \u017eensko anatomijo in zdru\u017euje napredno ergonomijo z visokokakovostnimi materiali, je\u00a0<strong>Prologo Dimension EVA<\/strong>\u00a0odli\u010dna izbira.<\/span>\u00a0<span class=\"relative -mx-px my-[-0.2rem] rounded-sm px-px py-[0.2rem]\">Njegova \u0161ir\u0161a zasnova, pove\u010dan centralni kanal in dodatno oblazinjenje zagotavljajo izjemno udobje in podporo med vo\u017enjo, ne glede na teren ali intenzivnost.<\/span><\/p>\n<p class=\"\">\n<p class=\"tw-data-text tw-text-large tw-ta\"><strong>Legenda oznak:<\/strong><\/p>\n<ul>\n<li class=\"tw-data-text tw-text-large tw-ta\"><strong>SPACE<\/strong>\u00a0\u2013 \u0161ir\u0161i dimenzija sede\u017ea<\/li>\n<li class=\"tw-data-text tw-text-large tw-ta\"><strong>AGX (Adventure-Gravel-Cyclocross)<\/strong>\u00a0\u2013 prilagojen za gravel in XC kolesa<\/li>\n<li class=\"tw-data-text tw-text-large tw-ta\"><strong>PAS (Perineal Area System)<\/strong>\u00a0\u2013 odprtina v sede\u017eu<\/li>\n<li class=\"tw-data-text tw-text-large tw-ta\"><strong>CPC (Connected Power Control)<\/strong>\u00a0\u2013 izbolj\u0161an oprijem ter bla\u017eenje vibracij<\/li>\n<li class=\"tw-data-text tw-text-large tw-ta\"><strong>Tivox\u00a0<\/strong>\u2013 sede\u017ena vodila iz titanove zlitine<\/li>\n<li class=\"tw-data-text tw-text-large tw-ta\"><strong>Nack<\/strong>\u00a0\u2013 karbonska sede\u017ena vodila<\/li>\n<li class=\"tw-data-text tw-text-large tw-ta\"><strong>NDR (Nano Dampening Rail)<\/strong>\u00a0\u2013 sede\u017ena vodila zmanj\u0161ujejo vibracije in udarce<\/li>\n<\/ul>\n","protected":false},"excerpt":{"rendered":"<h3 class=\"\"><strong>Tehni\u010dne specifikacije:<\/strong><\/h3>\n<ul>\n<li class=\"\">\n<p class=\"\"><strong>Dimenzije:<\/strong>\u00a0<span class=\"relative -mx-px my-[-0.2rem] rounded-sm px-px py-[0.2rem]\">245 x 156 mm<\/span>\u200b<\/p>\n<\/li>\n<li class=\"\">\n<p class=\"\"><strong>Te\u017ea:<\/strong>\u00a0<span class=\"relative -mx-px my-[-0.2rem] rounded-sm px-px py-[0.2rem]\">227 g<\/span>\u00a0\u200b<\/p>\n<\/li>\n<li class=\"\">\n<p class=\"\"><strong>Oblika:<\/strong>\u00a0<span class=\"relative -mx-px my-[-0.2rem] rounded-sm px-px py-[0.2rem]\">V-oblika<\/span>\u200b<\/p>\n<\/li>\n<li class=\"\">\n<p class=\"\"><strong>Namen uporabe:<\/strong>\u00a0<span class=\"relative -mx-px my-[-0.2rem] rounded-sm px-px py-[0.2rem]\">Cestno kolesarjenje, gorsko kolesarjenje<\/span><\/p>\n<\/li>\n<\/ul>\n","protected":false},"featured_media":4679,"comment_status":"open","ping_status":"closed","template":"","meta":{"_acf_changed":false,"inline_featured_image":false,"_monsterinsights_skip_tracking":false,"_monsterinsights_sitenote_active":false,"_monsterinsights_sitenote_note":"","_monsterinsights_sitenote_category":0},"product_brand":[221],"product_cat":[20,51],"product_tag":[],"class_list":{"0":"post-1103","1":"product","2":"type-product","3":"status-publish","4":"has-post-thumbnail","6":"product_brand-prologo","7":"product_cat-kolo","8":"product_cat-sedezi","10":"first","11":"instock","12":"taxable","13":"shipping-taxable","14":"purchasable","15":"product-type-simple"},"acf":[],"aioseo_notices":[],"_links":{"self":[{"href":"https:\/\/olliesport.com\/en\/wp-json\/wp\/v2\/product\/1103","targetHints":{"allow":["GET"]}}],"collection":[{"href":"https:\/\/olliesport.com\/en\/wp-json\/wp\/v2\/product"}],"about":[{"href":"https:\/\/olliesport.com\/en\/wp-json\/wp\/v2\/types\/product"}],"replies":[{"embeddable":true,"href":"https:\/\/olliesport.com\/en\/wp-json\/wp\/v2\/comments?post=1103"}],"wp:featuredmedia":[{"embeddable":true,"href":"https:\/\/olliesport.com\/en\/wp-json\/wp\/v2\/media\/4679"}],"wp:attachment":[{"href":"https:\/\/olliesport.com\/en\/wp-json\/wp\/v2\/media?parent=1103"}],"wp:term":[{"taxonomy":"product_brand","embeddable":true,"href":"https:\/\/olliesport.com\/en\/wp-json\/wp\/v2\/product_brand?post=1103"},{"taxonomy":"product_cat","embeddable":true,"href":"https:\/\/olliesport.com\/en\/wp-json\/wp\/v2\/product_cat?post=1103"},{"taxonomy":"product_tag","embeddable":true,"href":"https:\/\/olliesport.com\/en\/wp-json\/wp\/v2\/product_tag?post=1103"}],"curies":[{"name":"wp","href":"https:\/\/api.w.org\/{rel}","templated":true}]}}