{"id":4578,"date":"2025-11-17T11:14:25","date_gmt":"2025-11-17T10:14:25","guid":{"rendered":"https:\/\/olliesport.click.si\/?page_id=4578"},"modified":"2025-11-17T11:18:23","modified_gmt":"2025-11-17T10:18:23","slug":"varstvo-osebnih-podatkov","status":"publish","type":"page","link":"https:\/\/olliesport.com\/en\/varstvo-osebnih-podatkov\/","title":{"rendered":"The protection of your personal data"},"content":{"rendered":"<div data-elementor-type=\"wp-page\" data-elementor-id=\"4578\" class=\"elementor elementor-4578\" data-elementor-post-type=\"page\">\n\t\t\t\t<div class=\"elementor-element elementor-element-1f2bcff e-flex e-con-boxed e-con e-parent\" data-id=\"1f2bcff\" data-element_type=\"container\" data-e-type=\"container\">\n\t\t\t\t\t<div class=\"e-con-inner\">\n\t\t\t\t<div class=\"elementor-element elementor-element-6b3a1df elementor-widget elementor-widget-text-editor\" data-id=\"6b3a1df\" data-element_type=\"widget\" data-e-type=\"widget\" data-widget_type=\"text-editor.default\">\n\t\t\t\t\t\t\t\t\t<p>By purchasing in the online store or by sending a message via the contact form and in accordance with the Personal Data Protection Act (ZVOP-1) and the General Data Protection Regulation (GDPR), I voluntarily give my explicit consent that the company OLLIE SPORT doo, as the controller, may collect and process personal data obtained during the purchase or using the contact form:<\/p><ul><li>for the purpose of making a purchase and contacts me by email or phone regarding the purchase\/delivery<\/li><li>for marketing purposes and contact me by email or phone about other activities related to sales products.<\/li><\/ul><p>\u00a0<\/p><p>By purchasing an item from the online store and thereby agreeing to the stated terms, I confirm that I am aware of my rights regarding the personal data provided and that, in accordance with the Personal Data Protection Act (ZVOP-1) and the General Data Protection Regulation (GDPR), I have the right to:<\/p><ul><li>I request access to personal data,<\/li><li>I request the correction or erasure of personal data or the restriction of processing concerning me, and that I have the right to object to processing and the right to data portability,<\/li><li>I cancel the advertisements at any time by notifying them by email and\/or by following the instructions on the unsubscribe page with a link that is also part of each message sent,<\/li><li>I am filing a complaint with the Information Commissioner.<\/li><\/ul><p>\u00a0<\/p><p>By agreeing to the terms of purchase, I confirm that I am also aware of the following:<\/p><ul><li>that the controller will process the personal data provided exclusively for the purposes stated above until I revoke this,<\/li><li>that no automated decision-making takes place based on the data provided,<\/li><li>that personal data is kept until cancellation.<\/li><\/ul><p>\u00a0<\/p><p>Emails obtained before May 28, 2018 are stored for the purpose of proof of information or purchases in the event of a legal dispute and are kept for as long as required by law.<\/p>\t\t\t\t\t\t\t\t<\/div>\n\t\t\t\t\t<\/div>\n\t\t\t\t<\/div>\n\t\t\t\t<\/div>","protected":false},"excerpt":{"rendered":"<p>Z nakupom v spletni trgovini ali s po\u0161iljanjem sporo\u010dila preko kontaktnega obrazca in skladno z Zakonom o varstvu osebnih podatkov (ZVOP-1) ter s Splo\u0161no uredbo o varstvu podatkov (GDPR) prostovoljno dajem izrecno privolitev, da lahko podjetje OLLIE SPORT d.o.o kot upravljavec, osebne podatke, pridobljene pri nakupu ali s pomo\u010djo kontaktnega obrazca, zbira in obdeluje: z [&hellip;]<\/p>\n","protected":false},"author":1,"featured_media":0,"parent":0,"menu_order":0,"comment_status":"closed","ping_status":"closed","template":"","meta":{"_acf_changed":false,"inline_featured_image":false,"_monsterinsights_skip_tracking":false,"_monsterinsights_sitenote_active":false,"_monsterinsights_sitenote_note":"","_monsterinsights_sitenote_category":0,"footnotes":""},"class_list":["post-4578","page","type-page","status-publish","hentry"],"acf":[],"aioseo_notices":[],"_links":{"self":[{"href":"https:\/\/olliesport.com\/en\/wp-json\/wp\/v2\/pages\/4578","targetHints":{"allow":["GET"]}}],"collection":[{"href":"https:\/\/olliesport.com\/en\/wp-json\/wp\/v2\/pages"}],"about":[{"href":"https:\/\/olliesport.com\/en\/wp-json\/wp\/v2\/types\/page"}],"author":[{"embeddable":true,"href":"https:\/\/olliesport.com\/en\/wp-json\/wp\/v2\/users\/1"}],"replies":[{"embeddable":true,"href":"https:\/\/olliesport.com\/en\/wp-json\/wp\/v2\/comments?post=4578"}],"version-history":[{"count":4,"href":"https:\/\/olliesport.com\/en\/wp-json\/wp\/v2\/pages\/4578\/revisions"}],"predecessor-version":[{"id":4582,"href":"https:\/\/olliesport.com\/en\/wp-json\/wp\/v2\/pages\/4578\/revisions\/4582"}],"wp:attachment":[{"href":"https:\/\/olliesport.com\/en\/wp-json\/wp\/v2\/media?parent=4578"}],"curies":[{"name":"wp","href":"https:\/\/api.w.org\/{rel}","templated":true}]}}