{"id":4571,"date":"2025-11-17T11:08:16","date_gmt":"2025-11-17T10:08:16","guid":{"rendered":"https:\/\/olliesport.click.si\/?page_id=4571"},"modified":"2025-11-17T11:12:37","modified_gmt":"2025-11-17T10:12:37","slug":"placilo-in-hitra-dostava","status":"publish","type":"page","link":"https:\/\/olliesport.com\/en\/placilo-in-hitra-dostava\/","title":{"rendered":"Payment and fast delivery"},"content":{"rendered":"<div data-elementor-type=\"wp-page\" data-elementor-id=\"4571\" class=\"elementor elementor-4571\" data-elementor-post-type=\"page\">\n\t\t\t\t<div class=\"elementor-element elementor-element-c745415 e-flex e-con-boxed e-con e-parent\" data-id=\"c745415\" data-element_type=\"container\" data-e-type=\"container\">\n\t\t\t\t\t<div class=\"e-con-inner\">\n\t\t\t\t<div class=\"elementor-element elementor-element-18631f7 elementor-widget elementor-widget-text-editor\" data-id=\"18631f7\" data-element_type=\"widget\" data-e-type=\"widget\" data-widget_type=\"text-editor.default\">\n\t\t\t\t\t\t\t\t\t<p>For the area of Slovenia and Croatia, the buyer can choose the following payment methods during the ordering process:<\/p><ul><li>by cash upon receipt of goods (on delivery)<\/li><li>by transfer to the account (of the provider)<\/li><li>after issuing a pro forma invoice with a credit card (Eurocard\/Mastercard or Visa)<\/li><li>via PayPal (allows the use of credit and debit cards such as Eurocard\/Mastercard or Visa, etc.)<\/li><\/ul><p>\u00a0<\/p><p>We guarantee immediate delivery (within three working days) of all ordered goods from our stock. All items marked with a shopping cart during your purchase process are currently in stock in our store. An exception may only occur in cases of multiple simultaneous orders of the last items. In this case, the first order placed has priority for first delivery. Of course, we will try, if possible, to also deliver the remaining orders. On the day of delivery, our delivery service will notify you of its arrival via SMS 2-3 hours before delivery.<br \/>If you would like to purchase a related product but cannot find it in our store, please call us or email us.<br \/>Delivery is free for all orders over \u20ac100, while delivery costs for orders under \u20ac100.00 are \u20ac5.00 for Slovenia and \u20ac10.00 for Croatia.<\/p>\t\t\t\t\t\t\t\t<\/div>\n\t\t\t\t\t<\/div>\n\t\t\t\t<\/div>\n\t\t\t\t<\/div>","protected":false},"excerpt":{"rendered":"<p>Za podro\u010dje Slovenije in Hrva\u0161ke lahko kupec v postopku naro\u010danja izbere naslednje na\u010dine pla\u010dila: z gotovino ob prevzemu blaga (po povzetju) z nakazilom na ra\u010dun (ponudnika) po izdanem predra\u010dunu s kreditno kartico(Eurocard\/Mastercard ali Visa) preko PayPal-a (omogo\u010da uporabo kreditnih ter debetnih kartic kot so Eurocard\/Mastercard ali Visa ipd\u2026) \u00a0 Zagotavljamo vam takoj\u0161njo dobavo (v treh [&hellip;]<\/p>\n","protected":false},"author":1,"featured_media":0,"parent":0,"menu_order":0,"comment_status":"closed","ping_status":"closed","template":"","meta":{"_acf_changed":false,"inline_featured_image":false,"_monsterinsights_skip_tracking":false,"_monsterinsights_sitenote_active":false,"_monsterinsights_sitenote_note":"","_monsterinsights_sitenote_category":0,"footnotes":""},"class_list":["post-4571","page","type-page","status-publish","hentry"],"acf":[],"aioseo_notices":[],"_links":{"self":[{"href":"https:\/\/olliesport.com\/en\/wp-json\/wp\/v2\/pages\/4571","targetHints":{"allow":["GET"]}}],"collection":[{"href":"https:\/\/olliesport.com\/en\/wp-json\/wp\/v2\/pages"}],"about":[{"href":"https:\/\/olliesport.com\/en\/wp-json\/wp\/v2\/types\/page"}],"author":[{"embeddable":true,"href":"https:\/\/olliesport.com\/en\/wp-json\/wp\/v2\/users\/1"}],"replies":[{"embeddable":true,"href":"https:\/\/olliesport.com\/en\/wp-json\/wp\/v2\/comments?post=4571"}],"version-history":[{"count":4,"href":"https:\/\/olliesport.com\/en\/wp-json\/wp\/v2\/pages\/4571\/revisions"}],"predecessor-version":[{"id":4575,"href":"https:\/\/olliesport.com\/en\/wp-json\/wp\/v2\/pages\/4571\/revisions\/4575"}],"wp:attachment":[{"href":"https:\/\/olliesport.com\/en\/wp-json\/wp\/v2\/media?parent=4571"}],"curies":[{"name":"wp","href":"https:\/\/api.w.org\/{rel}","templated":true}]}}