{"id":4563,"date":"2025-11-17T11:00:01","date_gmt":"2025-11-17T10:00:01","guid":{"rendered":"https:\/\/olliesport.click.si\/?page_id=4563"},"modified":"2025-11-17T11:05:39","modified_gmt":"2025-11-17T10:05:39","slug":"vracilo-blaga","status":"publish","type":"page","link":"https:\/\/olliesport.com\/en\/vracilo-blaga\/","title":{"rendered":"Return of goods"},"content":{"rendered":"<div data-elementor-type=\"wp-page\" data-elementor-id=\"4563\" class=\"elementor elementor-4563\" data-elementor-post-type=\"page\">\n\t\t\t\t<div class=\"elementor-element elementor-element-816cacb e-flex e-con-boxed e-con e-parent\" data-id=\"816cacb\" data-element_type=\"container\" data-e-type=\"container\">\n\t\t\t\t\t<div class=\"e-con-inner\">\n\t\t\t\t<div class=\"elementor-element elementor-element-b3f81e6 elementor-widget elementor-widget-text-editor\" data-id=\"b3f81e6\" data-element_type=\"widget\" data-e-type=\"widget\" data-widget_type=\"text-editor.default\">\n\t\t\t\t\t\t\t\t\t<p>The buyer may return the ordered goods for any reason within 14 days of receipt. It is also sufficient for the buyer to notify us in writing within 14 days that they withdraw from the order, without having to state the reason for their decision. In this case, the unused and undamaged goods must be returned in the original packaging within the next 14 days. The purchase price for the returned goods will be refunded to the buyer&#039;s bank account no later than 14 days. Any return costs will be covered by the buyer.<br \/>Items that cannot be returned by mail due to their nature will be collected by a delivery service designated by the seller upon the seller&#039;s request. The costs of returning the items will be borne by the buyer.<\/p><p><strong>Return of damaged shipments<\/strong><br \/>If the package is damaged, missing contents or shows signs of being opened, the buyer must initiate a complaint procedure with the delivery company (Slovenian Post or DPD). Together we will ensure that the complaint is resolved as soon as possible.<\/p><p><strong>Complaint<\/strong><br \/>If the goods do not have the properties that the seller explicitly promised, if the seller sent the wrong products, in the wrong quantity, color, or the goods otherwise deviate from the buyer&#039;s order, then the buyer can file a complaint. After prior agreement with the seller, it is possible to return the goods by mail, otherwise you can bring them to the store in person.<\/p><p><strong>Warranty<\/strong><br \/>The manufacturer is obliged by law to provide the buyer with a guarantee for the flawless operation of the purchased goods. The buyer can claim the guarantee directly from the manufacturer or its authorized service center. The buyer can claim the guarantee with the warranty card and the seller&#039;s invoice.<br \/>The manufacturer is obliged to carry out the warranty repair within 45 days of receipt of the goods, otherwise the item will be replaced with another, equivalent and flawless item. The buyer can also claim the warranty from the seller, but in this case the provision from the previous paragraph also applies.<br \/>The return of goods under warranty is carried out in accordance with the conditions specified by the manufacturer on the warranty card.<br \/>If you want to return the shipment at our expense, this must be agreed upon in advance.<\/p>\t\t\t\t\t\t\t\t<\/div>\n\t\t\t\t\t<\/div>\n\t\t\t\t<\/div>\n\t\t\t\t<\/div>","protected":false},"excerpt":{"rendered":"<p>Kupec lahko naro\u010deno blago iz kakr\u0161nega koli razloga vrne v 14 dneh od prejema. Prav tako zado\u0161\u010da, da nam kupec v 14 dneh pisno sporo\u010di, da odstopa od naro\u010dila, ne da bi mu bilo treba navesti razlog za svojo odlo\u010ditev. V naslednjih 14 dneh pa mora v tem primeru nerabljeno in nepo\u0161kodovano blago vrniti v [&hellip;]<\/p>\n","protected":false},"author":1,"featured_media":0,"parent":0,"menu_order":0,"comment_status":"closed","ping_status":"closed","template":"","meta":{"_acf_changed":false,"inline_featured_image":false,"_monsterinsights_skip_tracking":false,"_monsterinsights_sitenote_active":false,"_monsterinsights_sitenote_note":"","_monsterinsights_sitenote_category":0,"footnotes":""},"class_list":["post-4563","page","type-page","status-publish","hentry"],"acf":[],"aioseo_notices":[],"_links":{"self":[{"href":"https:\/\/olliesport.com\/en\/wp-json\/wp\/v2\/pages\/4563","targetHints":{"allow":["GET"]}}],"collection":[{"href":"https:\/\/olliesport.com\/en\/wp-json\/wp\/v2\/pages"}],"about":[{"href":"https:\/\/olliesport.com\/en\/wp-json\/wp\/v2\/types\/page"}],"author":[{"embeddable":true,"href":"https:\/\/olliesport.com\/en\/wp-json\/wp\/v2\/users\/1"}],"replies":[{"embeddable":true,"href":"https:\/\/olliesport.com\/en\/wp-json\/wp\/v2\/comments?post=4563"}],"version-history":[{"count":4,"href":"https:\/\/olliesport.com\/en\/wp-json\/wp\/v2\/pages\/4563\/revisions"}],"predecessor-version":[{"id":4567,"href":"https:\/\/olliesport.com\/en\/wp-json\/wp\/v2\/pages\/4563\/revisions\/4567"}],"wp:attachment":[{"href":"https:\/\/olliesport.com\/en\/wp-json\/wp\/v2\/media?parent=4563"}],"curies":[{"name":"wp","href":"https:\/\/api.w.org\/{rel}","templated":true}]}}